{"id":4396,"date":"2023-10-21T12:17:51","date_gmt":"2023-10-21T12:17:51","guid":{"rendered":"https:\/\/www.manoj.fr\/?page_id=4396"},"modified":"2023-10-21T12:17:51","modified_gmt":"2023-10-21T12:17:51","slug":"le-district-de-rukum","status":"publish","type":"page","link":"https:\/\/new.manoj.fr\/index.php\/lieux-dintervention\/le-district-de-rukum\/","title":{"rendered":"Le district de Rukum"},"content":{"rendered":"<p>Le district de Rukum \u2013 en n\u00e9palais\u00a0: <span class=\"lang-ne\" lang=\"ne\">\u0930\u0941\u0915\u0941\u092e \u091c\u093f\u0932\u094d\u0932\u093e<\/span> \u2013 \u00e9tait l&rsquo;un des 75 districts du N\u00e9pal, rattach\u00e9 \u00e0 la zone de Rapti et \u00e0 la r\u00e9gion de d\u00e9veloppement Moyen-Ouest. La population du district s&rsquo;\u00e9levait \u00e0 208\u00a0567\u00a0habitants en 2011<sup id=\"cite_ref-1\" class=\"reference\"><a href=\"https:\/\/fr.wikipedia.org\/wiki\/District_de_Rukum#cite_note-1\">1<\/a><\/sup>.<\/p>\n<p>\u00c0 la suite de la cr\u00e9ation des provinces introduite par la constitution n\u00e9palaise de 2015, le district fut s\u00e9par\u00e9 en deux\u00a0:<\/p>\n<ul>\n<li>Rukum-Est rattach\u00e9 \u00e0 la province de Lumbini<\/li>\n<li>Rukum-Ouest rattach\u00e9 \u00e0 la province de Karnali<\/li>\n<\/ul>\n<p><img loading=\"lazy\" decoding=\"async\" class=\"alignleft size-medium wp-image-4397\" src=\"https:\/\/www.manoj.fr\/wp-content\/uploads\/2023\/10\/Rukum_district_location-300x206.png\" alt=\"\" width=\"300\" height=\"206\" \/><\/p>\n<ul>\n<li>(rouge) District de Rukum<\/li>\n<li>(gris fonc\u00e9) Autres districts de la zone de Rapti<\/li>\n<li>(gris clair) Autres zones de la r\u00e9gion Moyen-Ouest<\/li>\n<\/ul>\n<p>&nbsp;<\/p>\n<p>&nbsp;<\/p>\n<p>Source : <a href=\"https:\/\/fr.wikipedia.org\/wiki\/District_de_Rukum\">https:\/\/fr.wikipedia.org\/wiki\/District_de_Rukum<\/a><\/p>\n","protected":false},"excerpt":{"rendered":"<p>Le district de Rukum \u2013 en n\u00e9palais\u00a0: \u0930\u0941\u0915\u0941\u092e \u091c\u093f\u0932\u094d\u0932\u093e \u2013 \u00e9tait l&rsquo;un des 75 districts du N\u00e9pal, rattach\u00e9 \u00e0 la zone de Rapti et \u00e0 la r\u00e9gion de d\u00e9veloppement Moyen-Ouest. La population du district s&rsquo;\u00e9levait \u00e0 208\u00a0567\u00a0habitants en 20111. \u00c0 la suite de la cr\u00e9ation des provinces introduite par la constitution n\u00e9palaise de 2015, le [&hellip;]<\/p>\n","protected":false},"author":1,"featured_media":0,"parent":2522,"menu_order":0,"comment_status":"closed","ping_status":"closed","template":"","meta":{"_et_pb_use_builder":"","_et_pb_old_content":"","_et_gb_content_width":"","footnotes":""},"class_list":["post-4396","page","type-page","status-publish","hentry"],"_links":{"self":[{"href":"https:\/\/new.manoj.fr\/index.php\/wp-json\/wp\/v2\/pages\/4396","targetHints":{"allow":["GET"]}}],"collection":[{"href":"https:\/\/new.manoj.fr\/index.php\/wp-json\/wp\/v2\/pages"}],"about":[{"href":"https:\/\/new.manoj.fr\/index.php\/wp-json\/wp\/v2\/types\/page"}],"author":[{"embeddable":true,"href":"https:\/\/new.manoj.fr\/index.php\/wp-json\/wp\/v2\/users\/1"}],"replies":[{"embeddable":true,"href":"https:\/\/new.manoj.fr\/index.php\/wp-json\/wp\/v2\/comments?post=4396"}],"version-history":[{"count":0,"href":"https:\/\/new.manoj.fr\/index.php\/wp-json\/wp\/v2\/pages\/4396\/revisions"}],"up":[{"embeddable":true,"href":"https:\/\/new.manoj.fr\/index.php\/wp-json\/wp\/v2\/pages\/2522"}],"wp:attachment":[{"href":"https:\/\/new.manoj.fr\/index.php\/wp-json\/wp\/v2\/media?parent=4396"}],"curies":[{"name":"wp","href":"https:\/\/api.w.org\/{rel}","templated":true}]}}